{"id":420,"date":"2015-05-28T14:14:39","date_gmt":"2015-05-28T13:14:39","guid":{"rendered":"http:\/\/www.jamalouariachi.nl\/blog\/?page_id=420"},"modified":"2015-05-28T14:14:39","modified_gmt":"2015-05-28T13:14:39","slug":"het-parool-over-een-honger-stilistische-krachtpatserij","status":"publish","type":"page","link":"https:\/\/www.jamalouariachi.nl\/blog\/?page_id=420","title":{"rendered":"Het Parool over &#8216;Een honger&#8217;: &#8216;Stilistische krachtpatserij&#8217; *****"},"content":{"rendered":"<div class=\"kolom-column\" style=\"color: #333332;\">\n<h1 class=\"item-title\" style=\"font-style: inherit; color: #000000;\">Literair spektakel<\/h1>\n<p class=\"item-lead\" style=\"font-weight: bold; font-style: inherit; color: #000000;\">FICTIE JAMAL OUARIACHI EEN HONGER Querido, \u20ac 19,99<br \/>\n588 blz. *****<\/p>\n<p class=\"item-byline\" style=\"font-weight: 600; color: #000000;\">door ARIE STORM<\/p>\n<p class=\"item-intro\" style=\"font-weight: bold; font-style: inherit; color: #000000;\">Een honger is een roman met wellicht een maatschappelijke boodschap. Maar het boek biedt vooral overtuigende stilistische krachtpatserij.<\/p>\n<p class=\"item-paragraph\" style=\"font-style: inherit; color: #000000;\">Het lijkt wel alsof Jamal Ouariachi (1978) met <em>Een honger<\/em>, zijn vierde roman, eens even goed wil laten zien wat hij allemaal kan. Hij is een begenadigde verteller. Hij is iemand die op smeu\u00efge wijze een verhaal weet te brengen. Dat doet hij met verrassende plotwendingen, het inbrengen van een liefdesgeschiedenis en het voortdurend suggereren van gevaar en onraad.<\/p>\n<\/div>\n<div class=\"kolom-column\" style=\"color: #333332;\">\n<p class=\"item-paragraph\" style=\"font-style: inherit; color: #000000;\">Daarnaast is hij wel degelijk ook een man van de letteren. Hij richt zijn roman geheel naar eigen zin in, met knappe perspectiefwisselingen, literaire pastiches en postmoderne knipoogjes naar de lezer.<\/p>\n<p class=\"item-paragraph\" style=\"font-style: inherit; color: #000000;\">Wat de nodige aandacht heeft getrokken, is de thematiek van de roman, of liever gezegd: het onderwerp. <em>Een honger<\/em> zou op de een of andere manier misschien wel een pleidooi voor pedofilie zijn! En als de roman d\u00e1t niet is, dan komt hij toch in elk geval in het geweer tegen de hysterie die aan dit fenomeen kleeft.<\/p>\n<p class=\"item-paragraph\" style=\"font-style: inherit; color: #000000;\">Hier valt zeker wat voor te zeggen. De mediagenieke ontwikkelingswerker Alexander Laszlo, een van de hoofdpersonages, zou zich hebben vergrepen aan een Afrikaanse jongen die onder zijn hoede is gekomen. En dat terwijl deze Laszlo in die periode, 2003\/2004, een relatie had met de dan 22-jarige Aur\u00e9lie Lindeboom.<\/p>\n<p class=\"item-paragraph\" style=\"font-style: inherit; color: #000000;\">Tien jaar later &#8211; en een veroordeling, een onuitgesproken afscheid en een moederschap voor Aur\u00e9lie met een kind van haar nieuwe man verder &#8211; komen ze weer met elkaar in contact. Laszlo wil dat Aur\u00e9lie, inmiddels redactrice bij een televisieprogramma dat erg op De Wereld Draait Door lijkt, z\u00edjn levensverhaal omwerkt tot een boek. Een boek waaruit een genuanceerd standpunt over pedofilie zou moeten spreken.<\/p>\n<p class=\"item-paragraph\" style=\"font-style: inherit; color: #000000;\">Vervolgens kan in de bekwame handen van Ouariachi de pret beginnen. Op een slimme wijze heeft hij genoeg explosief materiaal bij elkaar gebracht voor een spetterend literair werkstuk. En nu hangt het er vanaf welk standpunt je inneemt: wil je vooral de maatschappelijke boodschap, \u00e1ls die er al in zou zitten, van dit boek eruit lichten, of waardeer je het meer om de stilistische krachtpatserij ervan.<\/p>\n<\/div>\n<div class=\"kolom-column\" style=\"color: #333332;\">\n<p class=\"item-paragraph\" style=\"font-style: inherit; color: #000000;\">Ik waardeer <em>Een honger<\/em> vooral om die laatste kant.<\/p>\n<p class=\"item-paragraph\" style=\"font-style: inherit; color: #000000;\">Ouariachi kan zich heel goed in de gedachtewereld van een moderne jonge vrouw verplaatsen. Dat zorgt ervoor dat het begin van het boek boeiend is. Z\u00edj is degene die de avonturen en overwegingen van Laszlo inderdaad op schrift stelt. Dat doet ze met verve. Zijn verblijf in Afrika &#8211; de armoede, zijn wanhoop, zijn &#8216;oplossing&#8217; voor de hongersnood &#8211; wordt overtuigend geschetst.<\/p>\n<p class=\"item-paragraph\" style=\"font-style: inherit; color: #000000;\">Het boek wisselt voortdurend van karakter, zonder dat het rusteloos wordt. Die immer voortstuwende plot zorgt ervoor dat je bij de les blijft. Een persoonlijk polemisch essay van Laszlo, waarin hij zich ontpopt als een moderne Humbert Humbert uit Nabokovs roman <em>Lolita<\/em> (uit de jaren vijftig), wordt gevolgd door een ontroerend liefdeshoofdstuk, waarin de liefde tussen Aur\u00e9lie en Laszlo wordt opgeroepen: &#8216;Idylle, idylle. Dit is hoe het was.&#8217; Dat hoofdstuk staat aangenaam haaks op het eraan voorafgaande pedopleidooi. Maar zo blijven kan het niet, want op een nacht, eind juni, gaat de telefoon over: &#8216;Een zeurderig bliepmelodietje.&#8217;<\/p>\n<\/div>\n<div class=\"kolom-column\" style=\"color: #333332;\">\n<p class=\"item-paragraph\" style=\"font-style: inherit; color: #000000;\">De ellende blijkt al snel alom aanwezig, maar wordt in zekere zin verzacht door het taalplezier in dit boek. Ouariachi laat zien dat onze taal en van welk register we gebruikmaken, medebepalend is voor onze blik op de werkelijkheid. Hij put daarvoor op een intrigerende wijze uit de wereldliteratuur &#8211; van Virginia Woolf tot Bret Easton Ellis.<\/p>\n<p class=\"item-paragraph\" style=\"font-style: inherit; color: #000000;\">(Bron: <em>Het Parool<\/em> van 27 mei 2015)<\/p>\n<\/div>\n","protected":false},"excerpt":{"rendered":"<p>Literair spektakel FICTIE JAMAL OUARIACHI EEN HONGER Querido, \u20ac 19,99 588 blz. ***** door ARIE STORM Een honger is een roman met wellicht een maatschappelijke boodschap. Maar het boek biedt vooral overtuigende stilistische krachtpatserij. Het lijkt wel alsof Jamal Ouariachi <span class=\"excerpt-dots\">&hellip;<\/span> <a class=\"more-link\" href=\"https:\/\/www.jamalouariachi.nl\/blog\/?page_id=420\"><span class=\"more-msg\">Lees verder &rarr;<\/span><\/a><\/p>\n","protected":false},"author":1,"featured_media":0,"parent":387,"menu_order":6,"comment_status":"closed","ping_status":"closed","template":"","meta":[],"_links":{"self":[{"href":"https:\/\/www.jamalouariachi.nl\/blog\/index.php?rest_route=\/wp\/v2\/pages\/420"}],"collection":[{"href":"https:\/\/www.jamalouariachi.nl\/blog\/index.php?rest_route=\/wp\/v2\/pages"}],"about":[{"href":"https:\/\/www.jamalouariachi.nl\/blog\/index.php?rest_route=\/wp\/v2\/types\/page"}],"author":[{"embeddable":true,"href":"https:\/\/www.jamalouariachi.nl\/blog\/index.php?rest_route=\/wp\/v2\/users\/1"}],"replies":[{"embeddable":true,"href":"https:\/\/www.jamalouariachi.nl\/blog\/index.php?rest_route=%2Fwp%2Fv2%2Fcomments&post=420"}],"version-history":[{"count":1,"href":"https:\/\/www.jamalouariachi.nl\/blog\/index.php?rest_route=\/wp\/v2\/pages\/420\/revisions"}],"predecessor-version":[{"id":421,"href":"https:\/\/www.jamalouariachi.nl\/blog\/index.php?rest_route=\/wp\/v2\/pages\/420\/revisions\/421"}],"up":[{"embeddable":true,"href":"https:\/\/www.jamalouariachi.nl\/blog\/index.php?rest_route=\/wp\/v2\/pages\/387"}],"wp:attachment":[{"href":"https:\/\/www.jamalouariachi.nl\/blog\/index.php?rest_route=%2Fwp%2Fv2%2Fmedia&parent=420"}],"curies":[{"name":"wp","href":"https:\/\/api.w.org\/{rel}","templated":true}]}}